{"id":283,"date":"2022-10-14T18:13:11","date_gmt":"2022-10-14T18:13:11","guid":{"rendered":"http:\/\/app.globalmet.mx\/?post_type=product&#038;p=283"},"modified":"2023-03-06T15:55:19","modified_gmt":"2023-03-06T15:55:19","slug":"sensor-humedad-de-la-hoja","status":"publish","type":"product","link":"https:\/\/globalmet.mx\/en\/product\/sensor-humedad-de-la-hoja\/","title":{"rendered":"Sensor Humedad de la Hoja"},"content":{"rendered":"<ul>\n<li>Sensor Humedad de la Hoja.<\/li>\n<li>\u00daselo para monitorear el nivel de humedad superficial en el follaje, con un rango de 0 (completamente seco) a 15 (saturado).<\/li>\n<li>El sensor de humedad de la hoja debe conectarse a trav\u00e9s de una estaci\u00f3n meteorol\u00f3gica y un nodo.<\/li>\n<li>Incluye cable de 40\u2032 (12 m).<\/li>\n<\/ul>","protected":false},"excerpt":{"rendered":"<p>Sensor Humedad de la Hoja. \u00daselo para monitorear el nivel de humedad superficial en el follaje, con un rango de 0 (completamente seco) a 15 (saturado). El sensor de humedad de la hoja debe conectarse a trav\u00e9s de una estaci\u00f3n meteorol\u00f3gica y un nodo. Incluye cable de 40\u2032 (12 m).<\/p>","protected":false},"featured_media":1782,"comment_status":"closed","ping_status":"closed","template":"","meta":[],"product_brand":[],"product_cat":[21],"product_tag":[],"class_list":{"0":"post-283","1":"product","2":"type-product","3":"status-publish","4":"has-post-thumbnail","6":"product_cat-sin-categorizar","8":"first","9":"instock","10":"shipping-taxable","11":"purchasable","12":"product-type-simple"},"yoast_head":"<!-- This site is optimized with the Yoast SEO plugin v24.8.1 - https:\/\/yoast.com\/wordpress\/plugins\/seo\/ -->\n<title>Sensor Humedad de la Hoja - GlobalMet<\/title>\n<meta name=\"robots\" content=\"index, follow, max-snippet:-1, max-image-preview:large, max-video-preview:-1\" \/>\n<link rel=\"canonical\" href=\"https:\/\/globalmet.mx\/en\/product\/sensor-humedad-de-la-hoja\/\" \/>\n<meta property=\"og:locale\" content=\"en_US\" \/>\n<meta property=\"og:type\" content=\"article\" \/>\n<meta property=\"og:title\" content=\"Sensor Humedad de la Hoja - GlobalMet\" \/>\n<meta property=\"og:description\" content=\"Sensor Humedad de la Hoja. \u00daselo para monitorear el nivel de humedad superficial en el follaje, con un rango de 0 (completamente seco) a 15 (saturado). El sensor de humedad de la hoja debe conectarse a trav\u00e9s de una estaci\u00f3n meteorol\u00f3gica y un nodo. Incluye cable de 40\u2032 (12 m).\" \/>\n<meta property=\"og:url\" content=\"https:\/\/globalmet.mx\/en\/product\/sensor-humedad-de-la-hoja\/\" \/>\n<meta property=\"og:site_name\" content=\"GlobalMet\" \/>\n<meta property=\"article:modified_time\" content=\"2023-03-06T15:55:19+00:00\" \/>\n<meta property=\"og:image\" content=\"https:\/\/globalmet.mx\/wp-content\/uploads\/2022\/10\/Sensor-Humedad-de-la-Hoja..png\" \/>\n\t<meta property=\"og:image:width\" content=\"800\" \/>\n\t<meta property=\"og:image:height\" content=\"800\" \/>\n\t<meta property=\"og:image:type\" content=\"image\/png\" \/>\n<meta name=\"twitter:card\" content=\"summary_large_image\" \/>\n<meta name=\"twitter:label1\" content=\"Est. reading time\" \/>\n\t<meta name=\"twitter:data1\" content=\"1 minute\" \/>\n<script type=\"application\/ld+json\" class=\"yoast-schema-graph\">{\"@context\":\"https:\/\/schema.org\",\"@graph\":[{\"@type\":\"WebPage\",\"@id\":\"https:\/\/globalmet.mx\/producto\/sensor-humedad-de-la-hoja\/\",\"url\":\"https:\/\/globalmet.mx\/producto\/sensor-humedad-de-la-hoja\/\",\"name\":\"Sensor Humedad de la Hoja - GlobalMet\",\"isPartOf\":{\"@id\":\"https:\/\/globalmet.mx\/en\/#website\"},\"primaryImageOfPage\":{\"@id\":\"https:\/\/globalmet.mx\/producto\/sensor-humedad-de-la-hoja\/#primaryimage\"},\"image\":{\"@id\":\"https:\/\/globalmet.mx\/producto\/sensor-humedad-de-la-hoja\/#primaryimage\"},\"thumbnailUrl\":\"https:\/\/globalmet.mx\/wp-content\/uploads\/2022\/10\/Sensor-Humedad-de-la-Hoja..png\",\"datePublished\":\"2022-10-14T18:13:11+00:00\",\"dateModified\":\"2023-03-06T15:55:19+00:00\",\"breadcrumb\":{\"@id\":\"https:\/\/globalmet.mx\/producto\/sensor-humedad-de-la-hoja\/#breadcrumb\"},\"inLanguage\":\"en-US\",\"potentialAction\":[{\"@type\":\"ReadAction\",\"target\":[\"https:\/\/globalmet.mx\/producto\/sensor-humedad-de-la-hoja\/\"]}]},{\"@type\":\"ImageObject\",\"inLanguage\":\"en-US\",\"@id\":\"https:\/\/globalmet.mx\/producto\/sensor-humedad-de-la-hoja\/#primaryimage\",\"url\":\"https:\/\/globalmet.mx\/wp-content\/uploads\/2022\/10\/Sensor-Humedad-de-la-Hoja..png\",\"contentUrl\":\"https:\/\/globalmet.mx\/wp-content\/uploads\/2022\/10\/Sensor-Humedad-de-la-Hoja..png\",\"width\":800,\"height\":800},{\"@type\":\"BreadcrumbList\",\"@id\":\"https:\/\/globalmet.mx\/producto\/sensor-humedad-de-la-hoja\/#breadcrumb\",\"itemListElement\":[{\"@type\":\"ListItem\",\"position\":1,\"name\":\"Portada\",\"item\":\"https:\/\/globalmet.mx\/\"},{\"@type\":\"ListItem\",\"position\":2,\"name\":\"Tienda\",\"item\":\"https:\/\/globalmet.mx\/en\/tienda\/\"},{\"@type\":\"ListItem\",\"position\":3,\"name\":\"Sensor Humedad de la Hoja\"}]},{\"@type\":\"WebSite\",\"@id\":\"https:\/\/globalmet.mx\/en\/#website\",\"url\":\"https:\/\/globalmet.mx\/en\/\",\"name\":\"GlobalMet\",\"description\":\"Pron\u00f3sticos Metereol\u00f3gicos\",\"publisher\":{\"@id\":\"https:\/\/globalmet.mx\/en\/#organization\"},\"potentialAction\":[{\"@type\":\"SearchAction\",\"target\":{\"@type\":\"EntryPoint\",\"urlTemplate\":\"https:\/\/globalmet.mx\/en\/?s={search_term_string}\"},\"query-input\":{\"@type\":\"PropertyValueSpecification\",\"valueRequired\":true,\"valueName\":\"search_term_string\"}}],\"inLanguage\":\"en-US\"},{\"@type\":\"Organization\",\"@id\":\"https:\/\/globalmet.mx\/en\/#organization\",\"name\":\"GlobalMet\",\"url\":\"https:\/\/globalmet.mx\/en\/\",\"logo\":{\"@type\":\"ImageObject\",\"inLanguage\":\"en-US\",\"@id\":\"https:\/\/globalmet.mx\/en\/#\/schema\/logo\/image\/\",\"url\":\"https:\/\/globalmet.mx\/wp-content\/uploads\/2026\/03\/Logo-Vertical-Grande-copia-copia.png\",\"contentUrl\":\"https:\/\/globalmet.mx\/wp-content\/uploads\/2026\/03\/Logo-Vertical-Grande-copia-copia.png\",\"width\":190,\"height\":127,\"caption\":\"GlobalMet\"},\"image\":{\"@id\":\"https:\/\/globalmet.mx\/en\/#\/schema\/logo\/image\/\"}}]}<\/script>\n<!-- \/ Yoast SEO plugin. -->","yoast_head_json":{"title":"Sensor Humedad de la Hoja - GlobalMet","robots":{"index":"index","follow":"follow","max-snippet":"max-snippet:-1","max-image-preview":"max-image-preview:large","max-video-preview":"max-video-preview:-1"},"canonical":"https:\/\/globalmet.mx\/en\/product\/sensor-humedad-de-la-hoja\/","og_locale":"en_US","og_type":"article","og_title":"Sensor Humedad de la Hoja - GlobalMet","og_description":"Sensor Humedad de la Hoja. \u00daselo para monitorear el nivel de humedad superficial en el follaje, con un rango de 0 (completamente seco) a 15 (saturado). El sensor de humedad de la hoja debe conectarse a trav\u00e9s de una estaci\u00f3n meteorol\u00f3gica y un nodo. Incluye cable de 40\u2032 (12 m).","og_url":"https:\/\/globalmet.mx\/en\/product\/sensor-humedad-de-la-hoja\/","og_site_name":"GlobalMet","article_modified_time":"2023-03-06T15:55:19+00:00","og_image":[{"width":800,"height":800,"url":"https:\/\/globalmet.mx\/wp-content\/uploads\/2022\/10\/Sensor-Humedad-de-la-Hoja..png","type":"image\/png"}],"twitter_card":"summary_large_image","twitter_misc":{"Est. reading time":"1 minute"},"schema":{"@context":"https:\/\/schema.org","@graph":[{"@type":"WebPage","@id":"https:\/\/globalmet.mx\/producto\/sensor-humedad-de-la-hoja\/","url":"https:\/\/globalmet.mx\/producto\/sensor-humedad-de-la-hoja\/","name":"Sensor Humedad de la Hoja - GlobalMet","isPartOf":{"@id":"https:\/\/globalmet.mx\/en\/#website"},"primaryImageOfPage":{"@id":"https:\/\/globalmet.mx\/producto\/sensor-humedad-de-la-hoja\/#primaryimage"},"image":{"@id":"https:\/\/globalmet.mx\/producto\/sensor-humedad-de-la-hoja\/#primaryimage"},"thumbnailUrl":"https:\/\/globalmet.mx\/wp-content\/uploads\/2022\/10\/Sensor-Humedad-de-la-Hoja..png","datePublished":"2022-10-14T18:13:11+00:00","dateModified":"2023-03-06T15:55:19+00:00","breadcrumb":{"@id":"https:\/\/globalmet.mx\/producto\/sensor-humedad-de-la-hoja\/#breadcrumb"},"inLanguage":"en-US","potentialAction":[{"@type":"ReadAction","target":["https:\/\/globalmet.mx\/producto\/sensor-humedad-de-la-hoja\/"]}]},{"@type":"ImageObject","inLanguage":"en-US","@id":"https:\/\/globalmet.mx\/producto\/sensor-humedad-de-la-hoja\/#primaryimage","url":"https:\/\/globalmet.mx\/wp-content\/uploads\/2022\/10\/Sensor-Humedad-de-la-Hoja..png","contentUrl":"https:\/\/globalmet.mx\/wp-content\/uploads\/2022\/10\/Sensor-Humedad-de-la-Hoja..png","width":800,"height":800},{"@type":"BreadcrumbList","@id":"https:\/\/globalmet.mx\/producto\/sensor-humedad-de-la-hoja\/#breadcrumb","itemListElement":[{"@type":"ListItem","position":1,"name":"Portada","item":"https:\/\/globalmet.mx\/"},{"@type":"ListItem","position":2,"name":"Tienda","item":"https:\/\/globalmet.mx\/en\/tienda\/"},{"@type":"ListItem","position":3,"name":"Sensor Humedad de la Hoja"}]},{"@type":"WebSite","@id":"https:\/\/globalmet.mx\/en\/#website","url":"https:\/\/globalmet.mx\/en\/","name":"GlobalMet","description":"Pron\u00f3sticos Metereol\u00f3gicos","publisher":{"@id":"https:\/\/globalmet.mx\/en\/#organization"},"potentialAction":[{"@type":"SearchAction","target":{"@type":"EntryPoint","urlTemplate":"https:\/\/globalmet.mx\/en\/?s={search_term_string}"},"query-input":{"@type":"PropertyValueSpecification","valueRequired":true,"valueName":"search_term_string"}}],"inLanguage":"en-US"},{"@type":"Organization","@id":"https:\/\/globalmet.mx\/en\/#organization","name":"GlobalMet","url":"https:\/\/globalmet.mx\/en\/","logo":{"@type":"ImageObject","inLanguage":"en-US","@id":"https:\/\/globalmet.mx\/en\/#\/schema\/logo\/image\/","url":"https:\/\/globalmet.mx\/wp-content\/uploads\/2026\/03\/Logo-Vertical-Grande-copia-copia.png","contentUrl":"https:\/\/globalmet.mx\/wp-content\/uploads\/2026\/03\/Logo-Vertical-Grande-copia-copia.png","width":190,"height":127,"caption":"GlobalMet"},"image":{"@id":"https:\/\/globalmet.mx\/en\/#\/schema\/logo\/image\/"}}]}},"_links":{"self":[{"href":"https:\/\/globalmet.mx\/en\/wp-json\/wp\/v2\/product\/283","targetHints":{"allow":["GET"]}}],"collection":[{"href":"https:\/\/globalmet.mx\/en\/wp-json\/wp\/v2\/product"}],"about":[{"href":"https:\/\/globalmet.mx\/en\/wp-json\/wp\/v2\/types\/product"}],"replies":[{"embeddable":true,"href":"https:\/\/globalmet.mx\/en\/wp-json\/wp\/v2\/comments?post=283"}],"wp:featuredmedia":[{"embeddable":true,"href":"https:\/\/globalmet.mx\/en\/wp-json\/wp\/v2\/media\/1782"}],"wp:attachment":[{"href":"https:\/\/globalmet.mx\/en\/wp-json\/wp\/v2\/media?parent=283"}],"wp:term":[{"taxonomy":"product_brand","embeddable":true,"href":"https:\/\/globalmet.mx\/en\/wp-json\/wp\/v2\/product_brand?post=283"},{"taxonomy":"product_cat","embeddable":true,"href":"https:\/\/globalmet.mx\/en\/wp-json\/wp\/v2\/product_cat?post=283"},{"taxonomy":"product_tag","embeddable":true,"href":"https:\/\/globalmet.mx\/en\/wp-json\/wp\/v2\/product_tag?post=283"}],"curies":[{"name":"wp","href":"https:\/\/api.w.org\/{rel}","templated":true}]}}