{"id":258,"date":"2022-10-14T16:26:36","date_gmt":"2022-10-14T16:26:36","guid":{"rendered":"http:\/\/app.globalmet.mx\/?post_type=product&#038;p=258"},"modified":"2023-03-06T15:57:05","modified_gmt":"2023-03-06T15:57:05","slug":"sensor-de-temperatura-humedad","status":"publish","type":"product","link":"https:\/\/globalmet.mx\/en\/product\/sensor-de-temperatura-humedad\/","title":{"rendered":"Sensor de temperatura\/humedad"},"content":{"rendered":"<ul>\n<li>Agregue un sensor de temperatura\/humedad a su Estacion meteorologica Vantage Pro2 . \u00daselo con un transmisor de sensor o un nodo para obtener flexibilidad en las opciones de ubicaci\u00f3n.<\/li>\n<li>La precisi\u00f3n y el rango del sensor de temperatura es de \u00b10,5 \u00b0F (\u00b10,3 \u00b0C) de -40 \u00b0F a 150 \u00b0F (-40 \u00b0C a 65 \u00b0C).<\/li>\n<li>La precisi\u00f3n del sensor de humedad es de \u00b12%.<\/li>\n<\/ul>","protected":false},"excerpt":{"rendered":"<p>Agregue un sensor de temperatura\/humedad a su Estacion meteorologica Vantage Pro2 . \u00daselo con un transmisor de sensor o un nodo para obtener flexibilidad en las opciones de ubicaci\u00f3n. La precisi\u00f3n y el rango del sensor de temperatura es de \u00b10,5 \u00b0F (\u00b10,3 \u00b0C) de -40 \u00b0F a 150 \u00b0F (-40 \u00b0C a 65 \u00b0C). [&hellip;]<\/p>","protected":false},"featured_media":1785,"comment_status":"closed","ping_status":"closed","template":"","meta":[],"product_brand":[],"product_cat":[21],"product_tag":[],"class_list":{"0":"post-258","1":"product","2":"type-product","3":"status-publish","4":"has-post-thumbnail","6":"product_cat-sin-categorizar","8":"first","9":"instock","10":"shipping-taxable","11":"purchasable","12":"product-type-simple"},"yoast_head":"<!-- This site is optimized with the Yoast SEO plugin v24.8.1 - https:\/\/yoast.com\/wordpress\/plugins\/seo\/ -->\n<title>Sensor de temperatura\/humedad - GlobalMet<\/title>\n<meta name=\"robots\" content=\"index, follow, max-snippet:-1, max-image-preview:large, max-video-preview:-1\" \/>\n<link rel=\"canonical\" href=\"https:\/\/globalmet.mx\/en\/product\/sensor-de-temperatura-humedad\/\" \/>\n<meta property=\"og:locale\" content=\"en_US\" \/>\n<meta property=\"og:type\" content=\"article\" \/>\n<meta property=\"og:title\" content=\"Sensor de temperatura\/humedad - GlobalMet\" \/>\n<meta property=\"og:description\" content=\"Agregue un sensor de temperatura\/humedad a su Estacion meteorologica Vantage Pro2 . \u00daselo con un transmisor de sensor o un nodo para obtener flexibilidad en las opciones de ubicaci\u00f3n. La precisi\u00f3n y el rango del sensor de temperatura es de \u00b10,5 \u00b0F (\u00b10,3 \u00b0C) de -40 \u00b0F a 150 \u00b0F (-40 \u00b0C a 65 \u00b0C). [&hellip;]\" \/>\n<meta property=\"og:url\" content=\"https:\/\/globalmet.mx\/en\/product\/sensor-de-temperatura-humedad\/\" \/>\n<meta property=\"og:site_name\" content=\"GlobalMet\" \/>\n<meta property=\"article:modified_time\" content=\"2023-03-06T15:57:05+00:00\" \/>\n<meta property=\"og:image\" content=\"https:\/\/globalmet.mx\/wp-content\/uploads\/2022\/10\/sensor-de-temperatura-Y-humedad.png\" \/>\n\t<meta property=\"og:image:width\" content=\"800\" \/>\n\t<meta property=\"og:image:height\" content=\"800\" \/>\n\t<meta property=\"og:image:type\" content=\"image\/png\" \/>\n<meta name=\"twitter:card\" content=\"summary_large_image\" \/>\n<meta name=\"twitter:label1\" content=\"Est. reading time\" \/>\n\t<meta name=\"twitter:data1\" content=\"1 minute\" \/>\n<script type=\"application\/ld+json\" class=\"yoast-schema-graph\">{\"@context\":\"https:\/\/schema.org\",\"@graph\":[{\"@type\":\"WebPage\",\"@id\":\"https:\/\/globalmet.mx\/producto\/sensor-de-temperatura-humedad\/\",\"url\":\"https:\/\/globalmet.mx\/producto\/sensor-de-temperatura-humedad\/\",\"name\":\"Sensor de temperatura\/humedad - GlobalMet\",\"isPartOf\":{\"@id\":\"https:\/\/globalmet.mx\/en\/#website\"},\"primaryImageOfPage\":{\"@id\":\"https:\/\/globalmet.mx\/producto\/sensor-de-temperatura-humedad\/#primaryimage\"},\"image\":{\"@id\":\"https:\/\/globalmet.mx\/producto\/sensor-de-temperatura-humedad\/#primaryimage\"},\"thumbnailUrl\":\"https:\/\/globalmet.mx\/wp-content\/uploads\/2022\/10\/sensor-de-temperatura-Y-humedad.png\",\"datePublished\":\"2022-10-14T16:26:36+00:00\",\"dateModified\":\"2023-03-06T15:57:05+00:00\",\"breadcrumb\":{\"@id\":\"https:\/\/globalmet.mx\/producto\/sensor-de-temperatura-humedad\/#breadcrumb\"},\"inLanguage\":\"en-US\",\"potentialAction\":[{\"@type\":\"ReadAction\",\"target\":[\"https:\/\/globalmet.mx\/producto\/sensor-de-temperatura-humedad\/\"]}]},{\"@type\":\"ImageObject\",\"inLanguage\":\"en-US\",\"@id\":\"https:\/\/globalmet.mx\/producto\/sensor-de-temperatura-humedad\/#primaryimage\",\"url\":\"https:\/\/globalmet.mx\/wp-content\/uploads\/2022\/10\/sensor-de-temperatura-Y-humedad.png\",\"contentUrl\":\"https:\/\/globalmet.mx\/wp-content\/uploads\/2022\/10\/sensor-de-temperatura-Y-humedad.png\",\"width\":800,\"height\":800},{\"@type\":\"BreadcrumbList\",\"@id\":\"https:\/\/globalmet.mx\/producto\/sensor-de-temperatura-humedad\/#breadcrumb\",\"itemListElement\":[{\"@type\":\"ListItem\",\"position\":1,\"name\":\"Portada\",\"item\":\"https:\/\/globalmet.mx\/\"},{\"@type\":\"ListItem\",\"position\":2,\"name\":\"Tienda\",\"item\":\"https:\/\/globalmet.mx\/en\/tienda\/\"},{\"@type\":\"ListItem\",\"position\":3,\"name\":\"Sensor de temperatura\/humedad\"}]},{\"@type\":\"WebSite\",\"@id\":\"https:\/\/globalmet.mx\/en\/#website\",\"url\":\"https:\/\/globalmet.mx\/en\/\",\"name\":\"GlobalMet\",\"description\":\"Pron\u00f3sticos Metereol\u00f3gicos\",\"publisher\":{\"@id\":\"https:\/\/globalmet.mx\/en\/#organization\"},\"potentialAction\":[{\"@type\":\"SearchAction\",\"target\":{\"@type\":\"EntryPoint\",\"urlTemplate\":\"https:\/\/globalmet.mx\/en\/?s={search_term_string}\"},\"query-input\":{\"@type\":\"PropertyValueSpecification\",\"valueRequired\":true,\"valueName\":\"search_term_string\"}}],\"inLanguage\":\"en-US\"},{\"@type\":\"Organization\",\"@id\":\"https:\/\/globalmet.mx\/en\/#organization\",\"name\":\"GlobalMet\",\"url\":\"https:\/\/globalmet.mx\/en\/\",\"logo\":{\"@type\":\"ImageObject\",\"inLanguage\":\"en-US\",\"@id\":\"https:\/\/globalmet.mx\/en\/#\/schema\/logo\/image\/\",\"url\":\"https:\/\/globalmet.mx\/wp-content\/uploads\/2026\/03\/Logo-Vertical-Grande-copia-copia.png\",\"contentUrl\":\"https:\/\/globalmet.mx\/wp-content\/uploads\/2026\/03\/Logo-Vertical-Grande-copia-copia.png\",\"width\":190,\"height\":127,\"caption\":\"GlobalMet\"},\"image\":{\"@id\":\"https:\/\/globalmet.mx\/en\/#\/schema\/logo\/image\/\"}}]}<\/script>\n<!-- \/ Yoast SEO plugin. -->","yoast_head_json":{"title":"Sensor de temperatura\/humedad - GlobalMet","robots":{"index":"index","follow":"follow","max-snippet":"max-snippet:-1","max-image-preview":"max-image-preview:large","max-video-preview":"max-video-preview:-1"},"canonical":"https:\/\/globalmet.mx\/en\/product\/sensor-de-temperatura-humedad\/","og_locale":"en_US","og_type":"article","og_title":"Sensor de temperatura\/humedad - GlobalMet","og_description":"Agregue un sensor de temperatura\/humedad a su Estacion meteorologica Vantage Pro2 . \u00daselo con un transmisor de sensor o un nodo para obtener flexibilidad en las opciones de ubicaci\u00f3n. La precisi\u00f3n y el rango del sensor de temperatura es de \u00b10,5 \u00b0F (\u00b10,3 \u00b0C) de -40 \u00b0F a 150 \u00b0F (-40 \u00b0C a 65 \u00b0C). [&hellip;]","og_url":"https:\/\/globalmet.mx\/en\/product\/sensor-de-temperatura-humedad\/","og_site_name":"GlobalMet","article_modified_time":"2023-03-06T15:57:05+00:00","og_image":[{"width":800,"height":800,"url":"https:\/\/globalmet.mx\/wp-content\/uploads\/2022\/10\/sensor-de-temperatura-Y-humedad.png","type":"image\/png"}],"twitter_card":"summary_large_image","twitter_misc":{"Est. reading time":"1 minute"},"schema":{"@context":"https:\/\/schema.org","@graph":[{"@type":"WebPage","@id":"https:\/\/globalmet.mx\/producto\/sensor-de-temperatura-humedad\/","url":"https:\/\/globalmet.mx\/producto\/sensor-de-temperatura-humedad\/","name":"Sensor de temperatura\/humedad - GlobalMet","isPartOf":{"@id":"https:\/\/globalmet.mx\/en\/#website"},"primaryImageOfPage":{"@id":"https:\/\/globalmet.mx\/producto\/sensor-de-temperatura-humedad\/#primaryimage"},"image":{"@id":"https:\/\/globalmet.mx\/producto\/sensor-de-temperatura-humedad\/#primaryimage"},"thumbnailUrl":"https:\/\/globalmet.mx\/wp-content\/uploads\/2022\/10\/sensor-de-temperatura-Y-humedad.png","datePublished":"2022-10-14T16:26:36+00:00","dateModified":"2023-03-06T15:57:05+00:00","breadcrumb":{"@id":"https:\/\/globalmet.mx\/producto\/sensor-de-temperatura-humedad\/#breadcrumb"},"inLanguage":"en-US","potentialAction":[{"@type":"ReadAction","target":["https:\/\/globalmet.mx\/producto\/sensor-de-temperatura-humedad\/"]}]},{"@type":"ImageObject","inLanguage":"en-US","@id":"https:\/\/globalmet.mx\/producto\/sensor-de-temperatura-humedad\/#primaryimage","url":"https:\/\/globalmet.mx\/wp-content\/uploads\/2022\/10\/sensor-de-temperatura-Y-humedad.png","contentUrl":"https:\/\/globalmet.mx\/wp-content\/uploads\/2022\/10\/sensor-de-temperatura-Y-humedad.png","width":800,"height":800},{"@type":"BreadcrumbList","@id":"https:\/\/globalmet.mx\/producto\/sensor-de-temperatura-humedad\/#breadcrumb","itemListElement":[{"@type":"ListItem","position":1,"name":"Portada","item":"https:\/\/globalmet.mx\/"},{"@type":"ListItem","position":2,"name":"Tienda","item":"https:\/\/globalmet.mx\/en\/tienda\/"},{"@type":"ListItem","position":3,"name":"Sensor de temperatura\/humedad"}]},{"@type":"WebSite","@id":"https:\/\/globalmet.mx\/en\/#website","url":"https:\/\/globalmet.mx\/en\/","name":"GlobalMet","description":"Pron\u00f3sticos Metereol\u00f3gicos","publisher":{"@id":"https:\/\/globalmet.mx\/en\/#organization"},"potentialAction":[{"@type":"SearchAction","target":{"@type":"EntryPoint","urlTemplate":"https:\/\/globalmet.mx\/en\/?s={search_term_string}"},"query-input":{"@type":"PropertyValueSpecification","valueRequired":true,"valueName":"search_term_string"}}],"inLanguage":"en-US"},{"@type":"Organization","@id":"https:\/\/globalmet.mx\/en\/#organization","name":"GlobalMet","url":"https:\/\/globalmet.mx\/en\/","logo":{"@type":"ImageObject","inLanguage":"en-US","@id":"https:\/\/globalmet.mx\/en\/#\/schema\/logo\/image\/","url":"https:\/\/globalmet.mx\/wp-content\/uploads\/2026\/03\/Logo-Vertical-Grande-copia-copia.png","contentUrl":"https:\/\/globalmet.mx\/wp-content\/uploads\/2026\/03\/Logo-Vertical-Grande-copia-copia.png","width":190,"height":127,"caption":"GlobalMet"},"image":{"@id":"https:\/\/globalmet.mx\/en\/#\/schema\/logo\/image\/"}}]}},"_links":{"self":[{"href":"https:\/\/globalmet.mx\/en\/wp-json\/wp\/v2\/product\/258","targetHints":{"allow":["GET"]}}],"collection":[{"href":"https:\/\/globalmet.mx\/en\/wp-json\/wp\/v2\/product"}],"about":[{"href":"https:\/\/globalmet.mx\/en\/wp-json\/wp\/v2\/types\/product"}],"replies":[{"embeddable":true,"href":"https:\/\/globalmet.mx\/en\/wp-json\/wp\/v2\/comments?post=258"}],"wp:featuredmedia":[{"embeddable":true,"href":"https:\/\/globalmet.mx\/en\/wp-json\/wp\/v2\/media\/1785"}],"wp:attachment":[{"href":"https:\/\/globalmet.mx\/en\/wp-json\/wp\/v2\/media?parent=258"}],"wp:term":[{"taxonomy":"product_brand","embeddable":true,"href":"https:\/\/globalmet.mx\/en\/wp-json\/wp\/v2\/product_brand?post=258"},{"taxonomy":"product_cat","embeddable":true,"href":"https:\/\/globalmet.mx\/en\/wp-json\/wp\/v2\/product_cat?post=258"},{"taxonomy":"product_tag","embeddable":true,"href":"https:\/\/globalmet.mx\/en\/wp-json\/wp\/v2\/product_tag?post=258"}],"curies":[{"name":"wp","href":"https:\/\/api.w.org\/{rel}","templated":true}]}}