{"id":943,"date":"2022-12-04T18:07:23","date_gmt":"2022-12-04T18:07:23","guid":{"rendered":"http:\/\/app.globalmet.mx\/?page_id=943"},"modified":"2023-10-04T06:10:52","modified_gmt":"2023-10-04T06:10:52","slug":"api","status":"publish","type":"page","link":"https:\/\/globalmet.mx\/en\/api\/","title":{"rendered":"API"},"content":{"rendered":"<div data-elementor-type=\"wp-page\" data-elementor-id=\"943\" class=\"elementor elementor-943\" data-elementor-post-type=\"page\">\n\t\t\t\t\t\t<section class=\"elementor-section elementor-top-section elementor-element elementor-element-69f5d575 elementor-section-boxed elementor-section-height-default elementor-section-height-default\" data-id=\"69f5d575\" data-element_type=\"section\" data-settings=\"{&quot;background_background&quot;:&quot;classic&quot;}\">\n\t\t\t\t\t\t\t<div class=\"elementor-background-overlay\"><\/div>\n\t\t\t\t\t\t\t<div class=\"elementor-container elementor-column-gap-default\">\n\t\t\t\t\t<div class=\"elementor-column elementor-col-100 elementor-top-column elementor-element elementor-element-24f59b8a\" data-id=\"24f59b8a\" data-element_type=\"column\">\n\t\t\t<div class=\"elementor-widget-wrap elementor-element-populated\">\n\t\t\t\t\t\t<div class=\"elementor-element elementor-element-5cb77b4d elementor-invisible elementor-widget elementor-widget-heading\" data-id=\"5cb77b4d\" data-element_type=\"widget\" data-settings=\"{&quot;_animation&quot;:&quot;fadeInDown&quot;}\" data-widget_type=\"heading.default\">\n\t\t\t\t<div class=\"elementor-widget-container\">\n\t\t\t\t\t<h1 class=\"elementor-heading-title elementor-size-default\">API<\/h1>\t\t\t\t<\/div>\n\t\t\t\t<\/div>\n\t\t\t\t<div class=\"elementor-element elementor-element-75a7a6eb elementor-invisible elementor-widget elementor-widget-heading\" data-id=\"75a7a6eb\" data-element_type=\"widget\" data-settings=\"{&quot;_animation&quot;:&quot;fadeInUp&quot;}\" data-widget_type=\"heading.default\">\n\t\t\t\t<div class=\"elementor-widget-container\">\n\t\t\t\t\t<h4 class=\"elementor-heading-title elementor-size-default\">\u00a1Aproveche nuestra poderosa API para hacer cosas incre\u00edbles!\n<\/h4>\t\t\t\t<\/div>\n\t\t\t\t<\/div>\n\t\t\t\t\t<\/div>\n\t\t<\/div>\n\t\t\t\t\t<\/div>\n\t\t<\/section>\n\t\t\t\t<section class=\"elementor-section elementor-top-section elementor-element elementor-element-3985409a elementor-section-boxed elementor-section-height-default elementor-section-height-default\" data-id=\"3985409a\" data-element_type=\"section\">\n\t\t\t\t\t\t<div class=\"elementor-container elementor-column-gap-default\">\n\t\t\t\t\t<div class=\"elementor-column elementor-col-100 elementor-top-column elementor-element elementor-element-221b101c elementor-invisible\" data-id=\"221b101c\" data-element_type=\"column\" data-settings=\"{&quot;animation&quot;:&quot;fadeInUp&quot;}\">\n\t\t\t<div class=\"elementor-widget-wrap elementor-element-populated\">\n\t\t\t\t\t\t<div class=\"elementor-element elementor-element-3bfd84a8 elementor-widget elementor-widget-text-editor\" data-id=\"3bfd84a8\" data-element_type=\"widget\" data-widget_type=\"text-editor.default\">\n\t\t\t\t<div class=\"elementor-widget-container\">\n\t\t\t\t\t\t\t\t\tCon nuestra API usted puede observar las mediciones de nuestras estaciones instaladas en territorio Mexicano, parte de Chile y Per\u00fa, datos historicos de nuestra base de datos y pron\u00f3sticos de puntos en espec\u00edfico usando los modelos meteorol\u00f3gicos m\u00e1s confiables a largo plazo, as\u00ed tambien contamos con un equipo de meteor\u00f3logos profesionales altamente capacitados que se encargar\u00e1n de proveer los pron\u00f3sticos m\u00e1s precisios a corto y mediano plazo.\t\t\t\t\t\t\t\t<\/div>\n\t\t\t\t<\/div>\n\t\t\t\t<div class=\"elementor-element elementor-element-41e9a28 elementor-widget elementor-widget-text-editor\" data-id=\"41e9a28\" data-element_type=\"widget\" data-widget_type=\"text-editor.default\">\n\t\t\t\t<div class=\"elementor-widget-container\">\n\t\t\t\t\t\t\t\t\t\u00bfC\u00f3mo puedo obtener acceso?\t\t\t\t\t\t\t\t<\/div>\n\t\t\t\t<\/div>\n\t\t\t\t<div class=\"elementor-element elementor-element-cc60db4 elementor-widget elementor-widget-text-editor\" data-id=\"cc60db4\" data-element_type=\"widget\" data-widget_type=\"text-editor.default\">\n\t\t\t\t<div class=\"elementor-widget-container\">\n\t\t\t\t\t\t\t\t\tContacte a trav\u00e9s de correo electronico contacto@globalmet.mx con tus datos de contacto y objetivo de el uso de la API, y as\u00ed nuestro equipo se encargue de enviarte informaci\u00f3n de acceso y costo del servicio.\t\t\t\t\t\t\t\t<\/div>\n\t\t\t\t<\/div>\n\t\t\t\t<div class=\"elementor-element elementor-element-602b0ae elementor-widget elementor-widget-text-editor\" data-id=\"602b0ae\" data-element_type=\"widget\" data-widget_type=\"text-editor.default\">\n\t\t\t\t<div class=\"elementor-widget-container\">\n\t\t\t\t\t\t\t\t\t\u00bfQu\u00e9 informac\u00edon puedo obtener a trav\u00e9s de la API de Globalmet?\n\t\t\t\t\t\t\t\t<\/div>\n\t\t\t\t<\/div>\n\t\t\t\t<section class=\"elementor-section elementor-inner-section elementor-element elementor-element-370833b elementor-section-boxed elementor-section-height-default elementor-section-height-default\" data-id=\"370833b\" data-element_type=\"section\">\n\t\t\t\t\t\t<div class=\"elementor-container elementor-column-gap-default\">\n\t\t\t\t\t<div class=\"elementor-column elementor-col-50 elementor-inner-column elementor-element elementor-element-3e1e57b\" data-id=\"3e1e57b\" data-element_type=\"column\">\n\t\t\t<div class=\"elementor-widget-wrap elementor-element-populated\">\n\t\t\t\t\t\t<div class=\"elementor-element elementor-element-e8ddd3a elementor-widget elementor-widget-text-editor\" data-id=\"e8ddd3a\" data-element_type=\"widget\" data-widget_type=\"text-editor.default\">\n\t\t\t\t<div class=\"elementor-widget-container\">\n\t\t\t\t\t\t\t\t\tMedici\u00f3n Actual\t\t\t\t\t\t\t\t<\/div>\n\t\t\t\t<\/div>\n\t\t\t\t<div class=\"elementor-element elementor-element-6a57dcd elementor-widget elementor-widget-text-editor\" data-id=\"6a57dcd\" data-element_type=\"widget\" data-widget_type=\"text-editor.default\">\n\t\t\t\t<div class=\"elementor-widget-container\">\n\t\t\t\t\t\t\t\t\t<ul class=\"api-ul\"><li>Medici\u00f3n actual de estaciones.<\/li><li>Medici\u00f3n actual de estaci\u00f3n.<\/li><li>Medici\u00f3n actualizada cada minuto.<\/li><\/ul>\t\t\t\t\t\t\t\t<\/div>\n\t\t\t\t<\/div>\n\t\t\t\t\t<\/div>\n\t\t<\/div>\n\t\t\t\t<div class=\"elementor-column elementor-col-50 elementor-inner-column elementor-element elementor-element-080a08d\" data-id=\"080a08d\" data-element_type=\"column\">\n\t\t\t<div class=\"elementor-widget-wrap elementor-element-populated\">\n\t\t\t\t\t\t<div class=\"elementor-element elementor-element-9f2a74a elementor-widget elementor-widget-text-editor\" data-id=\"9f2a74a\" data-element_type=\"widget\" data-widget_type=\"text-editor.default\">\n\t\t\t\t<div class=\"elementor-widget-container\">\n\t\t\t\t\t\t\t\t\tHist\u00f3rico\t\t\t\t\t\t\t\t<\/div>\n\t\t\t\t<\/div>\n\t\t\t\t<div class=\"elementor-element elementor-element-a50c1a8 elementor-widget elementor-widget-text-editor\" data-id=\"a50c1a8\" data-element_type=\"widget\" data-widget_type=\"text-editor.default\">\n\t\t\t\t<div class=\"elementor-widget-container\">\n\t\t\t\t\t\t\t\t\t<ul class=\"api-ul\"><li>Hist\u00f3rico de mediciones por rango de d\u00edas (desde-hasta).<\/li><li>Mas de 15 variables de medici\u00f3n y calculos.<\/li><li>Variables de facil lectura en formato json<\/li><\/ul>\t\t\t\t\t\t\t\t<\/div>\n\t\t\t\t<\/div>\n\t\t\t\t\t<\/div>\n\t\t<\/div>\n\t\t\t\t\t<\/div>\n\t\t<\/section>\n\t\t\t\t<section class=\"elementor-section elementor-inner-section elementor-element elementor-element-b02b361 elementor-section-boxed elementor-section-height-default elementor-section-height-default\" data-id=\"b02b361\" data-element_type=\"section\">\n\t\t\t\t\t\t<div class=\"elementor-container elementor-column-gap-default\">\n\t\t\t\t\t<div class=\"elementor-column elementor-col-50 elementor-inner-column elementor-element elementor-element-6303508\" data-id=\"6303508\" data-element_type=\"column\">\n\t\t\t<div class=\"elementor-widget-wrap elementor-element-populated\">\n\t\t\t\t\t\t<div class=\"elementor-element elementor-element-d315940 elementor-widget elementor-widget-text-editor\" data-id=\"d315940\" data-element_type=\"widget\" data-widget_type=\"text-editor.default\">\n\t\t\t\t<div class=\"elementor-widget-container\">\n\t\t\t\t\t\t\t\t\tEstaciones\t\t\t\t\t\t\t\t<\/div>\n\t\t\t\t<\/div>\n\t\t\t\t<div class=\"elementor-element elementor-element-5f726dd elementor-widget elementor-widget-text-editor\" data-id=\"5f726dd\" data-element_type=\"widget\" data-widget_type=\"text-editor.default\">\n\t\t\t\t<div class=\"elementor-widget-container\">\n\t\t\t\t\t\t\t\t\t<ul class=\"api-ul\"><li>Lista de estaciones con datos como nombre, ubicaci\u00f3n, latitud, etc.<\/li><li>Filtro por regiones.<\/li><\/ul>\t\t\t\t\t\t\t\t<\/div>\n\t\t\t\t<\/div>\n\t\t\t\t\t<\/div>\n\t\t<\/div>\n\t\t\t\t<div class=\"elementor-column elementor-col-50 elementor-inner-column elementor-element elementor-element-c329e69\" data-id=\"c329e69\" data-element_type=\"column\">\n\t\t\t<div class=\"elementor-widget-wrap elementor-element-populated\">\n\t\t\t\t\t\t<div class=\"elementor-element elementor-element-f20ac6d elementor-widget elementor-widget-text-editor\" data-id=\"f20ac6d\" data-element_type=\"widget\" data-widget_type=\"text-editor.default\">\n\t\t\t\t<div class=\"elementor-widget-container\">\n\t\t\t\t\t\t\t\t\tPron\u00f3sticos\t\t\t\t\t\t\t\t<\/div>\n\t\t\t\t<\/div>\n\t\t\t\t<div class=\"elementor-element elementor-element-bd8e011 elementor-widget elementor-widget-text-editor\" data-id=\"bd8e011\" data-element_type=\"widget\" data-widget_type=\"text-editor.default\">\n\t\t\t\t<div class=\"elementor-widget-container\">\n\t\t\t\t\t\t\t\t\t<ul class=\"api-ul\"><li>Pron\u00f3sticos por punto a corto, mediano y largo plazo.<\/li><li>Pron\u00f3sticos con m\u00e1s de 15 variables.<\/li><\/ul>\t\t\t\t\t\t\t\t<\/div>\n\t\t\t\t<\/div>\n\t\t\t\t\t<\/div>\n\t\t<\/div>\n\t\t\t\t\t<\/div>\n\t\t<\/section>\n\t\t\t\t<section class=\"elementor-section elementor-inner-section elementor-element elementor-element-a3bf18d elementor-section-boxed elementor-section-height-default elementor-section-height-default\" data-id=\"a3bf18d\" data-element_type=\"section\">\n\t\t\t\t\t\t<div class=\"elementor-container elementor-column-gap-default\">\n\t\t\t\t\t<div class=\"elementor-column elementor-col-50 elementor-inner-column elementor-element elementor-element-52fdf1d\" data-id=\"52fdf1d\" data-element_type=\"column\">\n\t\t\t<div class=\"elementor-widget-wrap elementor-element-populated\">\n\t\t\t\t\t\t<div class=\"elementor-element elementor-element-17cd6fc elementor-widget elementor-widget-text-editor\" data-id=\"17cd6fc\" data-element_type=\"widget\" data-widget_type=\"text-editor.default\">\n\t\t\t\t<div class=\"elementor-widget-container\">\n\t\t\t\t\t\t\t\t\tPron\u00f3sticos (Hist\u00f3ricos)\t\t\t\t\t\t\t\t<\/div>\n\t\t\t\t<\/div>\n\t\t\t\t<div class=\"elementor-element elementor-element-4224540 elementor-widget elementor-widget-text-editor\" data-id=\"4224540\" data-element_type=\"widget\" data-widget_type=\"text-editor.default\">\n\t\t\t\t<div class=\"elementor-widget-container\">\n\t\t\t\t\t\t\t\t\t<ul class=\"api-ul\"><li>Hist\u00f3ricos de pron\u00f3sticos.<\/li><li>Hist\u00f3ricos de pron\u00f3sticos por punto con comparativa de mediciones.<\/li><\/ul>\t\t\t\t\t\t\t\t<\/div>\n\t\t\t\t<\/div>\n\t\t\t\t\t<\/div>\n\t\t<\/div>\n\t\t\t\t<div class=\"elementor-column elementor-col-50 elementor-inner-column elementor-element elementor-element-1a3b049\" data-id=\"1a3b049\" data-element_type=\"column\">\n\t\t\t<div class=\"elementor-widget-wrap\">\n\t\t\t\t\t\t\t<\/div>\n\t\t<\/div>\n\t\t\t\t\t<\/div>\n\t\t<\/section>\n\t\t\t\t<div class=\"elementor-element elementor-element-6ad8117 elementor-widget elementor-widget-text-editor\" data-id=\"6ad8117\" data-element_type=\"widget\" data-widget_type=\"text-editor.default\">\n\t\t\t\t<div class=\"elementor-widget-container\">\n\t\t\t\t\t\t\t\t\t\u00bfNecesitas desarrollo a la medida?\t\t\t\t\t\t\t\t<\/div>\n\t\t\t\t<\/div>\n\t\t\t\t<div class=\"elementor-element elementor-element-85dbe22 elementor-widget elementor-widget-text-editor\" data-id=\"85dbe22\" data-element_type=\"widget\" data-widget_type=\"text-editor.default\">\n\t\t\t\t<div class=\"elementor-widget-container\">\n\t\t\t\t\t\t\t\t\tCont\u00e1ctanos para m\u00e1s informaci\u00f3n acerca de \u00e9ste y otros servicios: contacto@globalmet.mx. Podemos desarrollar lo que tu empresa o negocio necesita.\t\t\t\t\t\t\t\t<\/div>\n\t\t\t\t<\/div>\n\t\t\t\t\t<\/div>\n\t\t<\/div>\n\t\t\t\t\t<\/div>\n\t\t<\/section>\n\t\t\t\t<\/div>","protected":false},"excerpt":{"rendered":"<p>\u00a1Aproveche nuestra poderosa API para hacer cosas incre\u00edbles! Con nuestra API usted puede observar las mediciones de nuestras estaciones instaladas en territorio Mexicano, parte de Chile y Per\u00fa, datos historicos de nuestra base de datos y pron\u00f3sticos de puntos en espec\u00edfico usando los modelos meteorol\u00f3gicos m\u00e1s confiables a largo plazo, as\u00ed tambien contamos con un [&hellip;]<\/p>","protected":false},"author":1,"featured_media":0,"parent":0,"menu_order":0,"comment_status":"closed","ping_status":"closed","template":"elementor_header_footer","meta":{"footnotes":""},"class_list":["post-943","page","type-page","status-publish","hentry"],"yoast_head":"<!-- This site is optimized with the Yoast SEO plugin v24.8.1 - https:\/\/yoast.com\/wordpress\/plugins\/seo\/ -->\n<title>API - GlobalMet<\/title>\n<meta name=\"description\" content=\"GlobalMet ofrece el an\u00e1lisis de 16 modelos diferentes para proporcionar la informaci\u00f3n climatol\u00f3gica y la meteorol\u00f3gica espec\u00edfica de tu campo de una manera personalizada y exclusiva que te ser\u00e1n de gran utilidad para la toma de decisiones.\" \/>\n<meta name=\"robots\" content=\"index, follow, max-snippet:-1, max-image-preview:large, max-video-preview:-1\" \/>\n<link rel=\"canonical\" href=\"https:\/\/globalmet.mx\/en\/api\/\" \/>\n<meta property=\"og:locale\" content=\"en_US\" \/>\n<meta property=\"og:type\" content=\"article\" \/>\n<meta property=\"og:title\" content=\"API - GlobalMet\" \/>\n<meta property=\"og:description\" content=\"GlobalMet ofrece el an\u00e1lisis de 16 modelos diferentes para proporcionar la informaci\u00f3n climatol\u00f3gica y la meteorol\u00f3gica espec\u00edfica de tu campo de una manera personalizada y exclusiva que te ser\u00e1n de gran utilidad para la toma de decisiones.\" \/>\n<meta property=\"og:url\" content=\"https:\/\/globalmet.mx\/en\/api\/\" \/>\n<meta property=\"og:site_name\" content=\"GlobalMet\" \/>\n<meta property=\"article:modified_time\" content=\"2023-10-04T06:10:52+00:00\" \/>\n<meta name=\"twitter:card\" content=\"summary_large_image\" \/>\n<meta name=\"twitter:label1\" content=\"Est. reading time\" \/>\n\t<meta name=\"twitter:data1\" content=\"2 minutes\" \/>\n<script type=\"application\/ld+json\" class=\"yoast-schema-graph\">{\"@context\":\"https:\/\/schema.org\",\"@graph\":[{\"@type\":\"WebPage\",\"@id\":\"https:\/\/globalmet.mx\/api\/\",\"url\":\"https:\/\/globalmet.mx\/api\/\",\"name\":\"API - GlobalMet\",\"isPartOf\":{\"@id\":\"https:\/\/globalmet.mx\/en\/#website\"},\"datePublished\":\"2022-12-04T18:07:23+00:00\",\"dateModified\":\"2023-10-04T06:10:52+00:00\",\"description\":\"GlobalMet ofrece el an\u00e1lisis de 16 modelos diferentes para proporcionar la informaci\u00f3n climatol\u00f3gica y la meteorol\u00f3gica espec\u00edfica de tu campo de una manera personalizada y exclusiva que te ser\u00e1n de gran utilidad para la toma de decisiones.\",\"breadcrumb\":{\"@id\":\"https:\/\/globalmet.mx\/api\/#breadcrumb\"},\"inLanguage\":\"en-US\",\"potentialAction\":[{\"@type\":\"ReadAction\",\"target\":[\"https:\/\/globalmet.mx\/api\/\"]}]},{\"@type\":\"BreadcrumbList\",\"@id\":\"https:\/\/globalmet.mx\/api\/#breadcrumb\",\"itemListElement\":[{\"@type\":\"ListItem\",\"position\":1,\"name\":\"Portada\",\"item\":\"https:\/\/globalmet.mx\/\"},{\"@type\":\"ListItem\",\"position\":2,\"name\":\"API\"}]},{\"@type\":\"WebSite\",\"@id\":\"https:\/\/globalmet.mx\/en\/#website\",\"url\":\"https:\/\/globalmet.mx\/en\/\",\"name\":\"GlobalMet\",\"description\":\"Pron\u00f3sticos Metereol\u00f3gicos\",\"publisher\":{\"@id\":\"https:\/\/globalmet.mx\/en\/#organization\"},\"potentialAction\":[{\"@type\":\"SearchAction\",\"target\":{\"@type\":\"EntryPoint\",\"urlTemplate\":\"https:\/\/globalmet.mx\/en\/?s={search_term_string}\"},\"query-input\":{\"@type\":\"PropertyValueSpecification\",\"valueRequired\":true,\"valueName\":\"search_term_string\"}}],\"inLanguage\":\"en-US\"},{\"@type\":\"Organization\",\"@id\":\"https:\/\/globalmet.mx\/en\/#organization\",\"name\":\"GlobalMet\",\"url\":\"https:\/\/globalmet.mx\/en\/\",\"logo\":{\"@type\":\"ImageObject\",\"inLanguage\":\"en-US\",\"@id\":\"https:\/\/globalmet.mx\/en\/#\/schema\/logo\/image\/\",\"url\":\"https:\/\/globalmet.mx\/wp-content\/uploads\/2026\/03\/Logo-Vertical-Grande-copia-copia.png\",\"contentUrl\":\"https:\/\/globalmet.mx\/wp-content\/uploads\/2026\/03\/Logo-Vertical-Grande-copia-copia.png\",\"width\":190,\"height\":127,\"caption\":\"GlobalMet\"},\"image\":{\"@id\":\"https:\/\/globalmet.mx\/en\/#\/schema\/logo\/image\/\"}}]}<\/script>\n<!-- \/ Yoast SEO plugin. -->","yoast_head_json":{"title":"API - GlobalMet","description":"GlobalMet ofrece el an\u00e1lisis de 16 modelos diferentes para proporcionar la informaci\u00f3n climatol\u00f3gica y la meteorol\u00f3gica espec\u00edfica de tu campo de una manera personalizada y exclusiva que te ser\u00e1n de gran utilidad para la toma de decisiones.","robots":{"index":"index","follow":"follow","max-snippet":"max-snippet:-1","max-image-preview":"max-image-preview:large","max-video-preview":"max-video-preview:-1"},"canonical":"https:\/\/globalmet.mx\/en\/api\/","og_locale":"en_US","og_type":"article","og_title":"API - GlobalMet","og_description":"GlobalMet ofrece el an\u00e1lisis de 16 modelos diferentes para proporcionar la informaci\u00f3n climatol\u00f3gica y la meteorol\u00f3gica espec\u00edfica de tu campo de una manera personalizada y exclusiva que te ser\u00e1n de gran utilidad para la toma de decisiones.","og_url":"https:\/\/globalmet.mx\/en\/api\/","og_site_name":"GlobalMet","article_modified_time":"2023-10-04T06:10:52+00:00","twitter_card":"summary_large_image","twitter_misc":{"Est. reading time":"2 minutes"},"schema":{"@context":"https:\/\/schema.org","@graph":[{"@type":"WebPage","@id":"https:\/\/globalmet.mx\/api\/","url":"https:\/\/globalmet.mx\/api\/","name":"API - GlobalMet","isPartOf":{"@id":"https:\/\/globalmet.mx\/en\/#website"},"datePublished":"2022-12-04T18:07:23+00:00","dateModified":"2023-10-04T06:10:52+00:00","description":"GlobalMet ofrece el an\u00e1lisis de 16 modelos diferentes para proporcionar la informaci\u00f3n climatol\u00f3gica y la meteorol\u00f3gica espec\u00edfica de tu campo de una manera personalizada y exclusiva que te ser\u00e1n de gran utilidad para la toma de decisiones.","breadcrumb":{"@id":"https:\/\/globalmet.mx\/api\/#breadcrumb"},"inLanguage":"en-US","potentialAction":[{"@type":"ReadAction","target":["https:\/\/globalmet.mx\/api\/"]}]},{"@type":"BreadcrumbList","@id":"https:\/\/globalmet.mx\/api\/#breadcrumb","itemListElement":[{"@type":"ListItem","position":1,"name":"Portada","item":"https:\/\/globalmet.mx\/"},{"@type":"ListItem","position":2,"name":"API"}]},{"@type":"WebSite","@id":"https:\/\/globalmet.mx\/en\/#website","url":"https:\/\/globalmet.mx\/en\/","name":"GlobalMet","description":"Pron\u00f3sticos Metereol\u00f3gicos","publisher":{"@id":"https:\/\/globalmet.mx\/en\/#organization"},"potentialAction":[{"@type":"SearchAction","target":{"@type":"EntryPoint","urlTemplate":"https:\/\/globalmet.mx\/en\/?s={search_term_string}"},"query-input":{"@type":"PropertyValueSpecification","valueRequired":true,"valueName":"search_term_string"}}],"inLanguage":"en-US"},{"@type":"Organization","@id":"https:\/\/globalmet.mx\/en\/#organization","name":"GlobalMet","url":"https:\/\/globalmet.mx\/en\/","logo":{"@type":"ImageObject","inLanguage":"en-US","@id":"https:\/\/globalmet.mx\/en\/#\/schema\/logo\/image\/","url":"https:\/\/globalmet.mx\/wp-content\/uploads\/2026\/03\/Logo-Vertical-Grande-copia-copia.png","contentUrl":"https:\/\/globalmet.mx\/wp-content\/uploads\/2026\/03\/Logo-Vertical-Grande-copia-copia.png","width":190,"height":127,"caption":"GlobalMet"},"image":{"@id":"https:\/\/globalmet.mx\/en\/#\/schema\/logo\/image\/"}}]}},"_links":{"self":[{"href":"https:\/\/globalmet.mx\/en\/wp-json\/wp\/v2\/pages\/943","targetHints":{"allow":["GET"]}}],"collection":[{"href":"https:\/\/globalmet.mx\/en\/wp-json\/wp\/v2\/pages"}],"about":[{"href":"https:\/\/globalmet.mx\/en\/wp-json\/wp\/v2\/types\/page"}],"author":[{"embeddable":true,"href":"https:\/\/globalmet.mx\/en\/wp-json\/wp\/v2\/users\/1"}],"replies":[{"embeddable":true,"href":"https:\/\/globalmet.mx\/en\/wp-json\/wp\/v2\/comments?post=943"}],"version-history":[{"count":7,"href":"https:\/\/globalmet.mx\/en\/wp-json\/wp\/v2\/pages\/943\/revisions"}],"predecessor-version":[{"id":2361,"href":"https:\/\/globalmet.mx\/en\/wp-json\/wp\/v2\/pages\/943\/revisions\/2361"}],"wp:attachment":[{"href":"https:\/\/globalmet.mx\/en\/wp-json\/wp\/v2\/media?parent=943"}],"curies":[{"name":"wp","href":"https:\/\/api.w.org\/{rel}","templated":true}]}}