{"id":744,"date":"2022-11-03T06:05:09","date_gmt":"2022-11-03T06:05:09","guid":{"rendered":"http:\/\/app.globalmet.mx\/?page_id=744"},"modified":"2022-12-04T18:35:01","modified_gmt":"2022-12-04T18:35:01","slug":"gracias","status":"publish","type":"page","link":"https:\/\/globalmet.mx\/en\/gracias\/","title":{"rendered":"Gracias"},"content":{"rendered":"<div data-elementor-type=\"wp-page\" data-elementor-id=\"744\" class=\"elementor elementor-744\" data-elementor-post-type=\"page\">\n\t\t\t\t\t\t<section class=\"elementor-section elementor-top-section elementor-element elementor-element-49227c8a elementor-section-height-min-height elementor-section-boxed elementor-section-height-default elementor-section-items-middle\" data-id=\"49227c8a\" data-element_type=\"section\" data-settings=\"{&quot;background_background&quot;:&quot;slideshow&quot;,&quot;background_slideshow_gallery&quot;:[{&quot;id&quot;:78,&quot;url&quot;:&quot;http:\\\/\\\/app.globalmet.mx\\\/wp-content\\\/uploads\\\/2022\\\/10\\\/storm-clouds-dramatic-dark-sky-over-the-rural-fi-2022-08-19-06-04-19-utc-copia-min.jpg&quot;},{&quot;id&quot;:77,&quot;url&quot;:&quot;http:\\\/\\\/app.globalmet.mx\\\/wp-content\\\/uploads\\\/2022\\\/10\\\/cloudy-sky-field-sowing-2022-08-01-05-08-47-utc-copia-min.jpg&quot;},{&quot;id&quot;:72,&quot;url&quot;:&quot;http:\\\/\\\/app.globalmet.mx\\\/wp-content\\\/uploads\\\/2022\\\/10\\\/farmer-examining-crops-2021-09-04-04-15-27-utc-copia-min.jpg&quot;},{&quot;id&quot;:76,&quot;url&quot;:&quot;http:\\\/\\\/app.globalmet.mx\\\/wp-content\\\/uploads\\\/2022\\\/10\\\/plow-the-earth-2022-02-01-23-44-14-utc-copia-min.jpg&quot;},{&quot;id&quot;:73,&quot;url&quot;:&quot;http:\\\/\\\/app.globalmet.mx\\\/wp-content\\\/uploads\\\/2022\\\/10\\\/farmer-agronomist-using-drone-to-examine-sunflower-2022-02-02-03-47-47-utc-copia-min.jpg&quot;}],&quot;background_slideshow_ken_burns&quot;:&quot;yes&quot;,&quot;background_slideshow_slide_duration&quot;:4000,&quot;background_slideshow_loop&quot;:&quot;yes&quot;,&quot;background_slideshow_slide_transition&quot;:&quot;fade&quot;,&quot;background_slideshow_transition_duration&quot;:500,&quot;background_slideshow_ken_burns_zoom_direction&quot;:&quot;in&quot;}\">\n\t\t\t\t\t\t\t<div class=\"elementor-background-overlay\"><\/div>\n\t\t\t\t\t\t\t<div class=\"elementor-container elementor-column-gap-default\">\n\t\t\t\t\t<div class=\"elementor-column elementor-col-100 elementor-top-column elementor-element elementor-element-5158f5d4\" data-id=\"5158f5d4\" data-element_type=\"column\">\n\t\t\t<div class=\"elementor-widget-wrap elementor-element-populated\">\n\t\t\t\t\t\t<div class=\"elementor-element elementor-element-6c66405a elementor-invisible elementor-widget elementor-widget-heading\" data-id=\"6c66405a\" data-element_type=\"widget\" data-settings=\"{&quot;_animation&quot;:&quot;fadeInDown&quot;}\" data-widget_type=\"heading.default\">\n\t\t\t\t<div class=\"elementor-widget-container\">\n\t\t\t\t\t<h1 class=\"elementor-heading-title elementor-size-default\">Gracias por cotizar<\/h1>\t\t\t\t<\/div>\n\t\t\t\t<\/div>\n\t\t\t\t<div class=\"elementor-element elementor-element-6f1d9c7b elementor-invisible elementor-widget elementor-widget-heading\" data-id=\"6f1d9c7b\" data-element_type=\"widget\" data-settings=\"{&quot;_animation&quot;:&quot;fadeInDown&quot;}\" data-widget_type=\"heading.default\">\n\t\t\t\t<div class=\"elementor-widget-container\">\n\t\t\t\t\t<h4 class=\"elementor-heading-title elementor-size-default\">Nos comunicaremos contigo en las pr\u00f3ximas horas.<\/h4>\t\t\t\t<\/div>\n\t\t\t\t<\/div>\n\t\t\t\t<div class=\"elementor-element elementor-element-4358827 elementor-invisible elementor-widget elementor-widget-heading\" data-id=\"4358827\" data-element_type=\"widget\" data-settings=\"{&quot;_animation&quot;:&quot;fadeInDown&quot;}\" data-widget_type=\"heading.default\">\n\t\t\t\t<div class=\"elementor-widget-container\">\n\t\t\t\t\t<h4 class=\"elementor-heading-title elementor-size-default\">S\u00edguenos en redes sociales:<\/h4>\t\t\t\t<\/div>\n\t\t\t\t<\/div>\n\t\t\t\t<div class=\"elementor-element elementor-element-a4ea839 elementor-shape-rounded elementor-grid-0 e-grid-align-center elementor-widget elementor-widget-social-icons\" data-id=\"a4ea839\" data-element_type=\"widget\" data-widget_type=\"social-icons.default\">\n\t\t\t\t<div class=\"elementor-widget-container\">\n\t\t\t\t\t\t\t<div class=\"elementor-social-icons-wrapper elementor-grid\">\n\t\t\t\t\t\t\t<span class=\"elementor-grid-item\">\n\t\t\t\t\t<a class=\"elementor-icon elementor-social-icon elementor-social-icon-facebook elementor-repeater-item-f779e2b\" href=\"https:\/\/www.facebook.com\/GlobalMetMx\/\" target=\"_blank\">\n\t\t\t\t\t\t<span class=\"elementor-screen-only\">Facebook<\/span>\n\t\t\t\t\t\t<i class=\"fab fa-facebook\"><\/i>\t\t\t\t\t<\/a>\n\t\t\t\t<\/span>\n\t\t\t\t\t\t\t<span class=\"elementor-grid-item\">\n\t\t\t\t\t<a class=\"elementor-icon elementor-social-icon elementor-social-icon-twitter elementor-repeater-item-eef17b7\" href=\"https:\/\/twitter.com\/globalmet\" target=\"_blank\">\n\t\t\t\t\t\t<span class=\"elementor-screen-only\">Twitter<\/span>\n\t\t\t\t\t\t<i class=\"fab fa-twitter\"><\/i>\t\t\t\t\t<\/a>\n\t\t\t\t<\/span>\n\t\t\t\t\t\t\t<span class=\"elementor-grid-item\">\n\t\t\t\t\t<a class=\"elementor-icon elementor-social-icon elementor-social-icon-instagram elementor-repeater-item-0b94f02\" href=\"https:\/\/www.instagram.com\/globalmetmx\/\" target=\"_blank\">\n\t\t\t\t\t\t<span class=\"elementor-screen-only\">Instagram<\/span>\n\t\t\t\t\t\t<i class=\"fab fa-instagram\"><\/i>\t\t\t\t\t<\/a>\n\t\t\t\t<\/span>\n\t\t\t\t\t<\/div>\n\t\t\t\t\t\t<\/div>\n\t\t\t\t<\/div>\n\t\t\t\t\t<\/div>\n\t\t<\/div>\n\t\t\t\t\t<\/div>\n\t\t<\/section>\n\t\t\t\t<\/div>","protected":false},"excerpt":{"rendered":"<p>Gracias por cotizar Nos comunicaremos contigo en las pr\u00f3ximas horas. S\u00edguenos en redes sociales: Facebook Twitter Instagram<\/p>","protected":false},"author":1,"featured_media":0,"parent":0,"menu_order":0,"comment_status":"closed","ping_status":"closed","template":"elementor_canvas","meta":{"footnotes":""},"class_list":["post-744","page","type-page","status-publish","hentry"],"yoast_head":"<!-- This site is optimized with the Yoast SEO plugin v24.8.1 - https:\/\/yoast.com\/wordpress\/plugins\/seo\/ -->\n<title>Gracias - GlobalMet<\/title>\n<meta name=\"description\" content=\"GlobalMet ofrece el an\u00e1lisis de 16 modelos diferentes para proporcionar la informaci\u00f3n climatol\u00f3gica y la meteorol\u00f3gica espec\u00edfica de tu campo de una manera personalizada y exclusiva que te ser\u00e1n de gran utilidad para la toma de decisiones.\" \/>\n<meta name=\"robots\" content=\"index, follow, max-snippet:-1, max-image-preview:large, max-video-preview:-1\" \/>\n<link rel=\"canonical\" href=\"http:\/\/globalmet.mx\/en\/gracias\/\" \/>\n<meta property=\"og:locale\" content=\"en_US\" \/>\n<meta property=\"og:type\" content=\"article\" \/>\n<meta property=\"og:title\" content=\"Gracias - GlobalMet\" \/>\n<meta property=\"og:description\" content=\"GlobalMet ofrece el an\u00e1lisis de 16 modelos diferentes para proporcionar la informaci\u00f3n climatol\u00f3gica y la meteorol\u00f3gica espec\u00edfica de tu campo de una manera personalizada y exclusiva que te ser\u00e1n de gran utilidad para la toma de decisiones.\" \/>\n<meta property=\"og:url\" content=\"http:\/\/globalmet.mx\/en\/gracias\/\" \/>\n<meta property=\"og:site_name\" content=\"GlobalMet\" \/>\n<meta property=\"article:modified_time\" content=\"2022-12-04T18:35:01+00:00\" \/>\n<meta name=\"twitter:card\" content=\"summary_large_image\" \/>\n<script type=\"application\/ld+json\" class=\"yoast-schema-graph\">{\"@context\":\"https:\/\/schema.org\",\"@graph\":[{\"@type\":\"WebPage\",\"@id\":\"http:\/\/globalmet.mx\/gracias\/\",\"url\":\"http:\/\/globalmet.mx\/gracias\/\",\"name\":\"Gracias - GlobalMet\",\"isPartOf\":{\"@id\":\"https:\/\/globalmet.mx\/en\/#website\"},\"datePublished\":\"2022-11-03T06:05:09+00:00\",\"dateModified\":\"2022-12-04T18:35:01+00:00\",\"description\":\"GlobalMet ofrece el an\u00e1lisis de 16 modelos diferentes para proporcionar la informaci\u00f3n climatol\u00f3gica y la meteorol\u00f3gica espec\u00edfica de tu campo de una manera personalizada y exclusiva que te ser\u00e1n de gran utilidad para la toma de decisiones.\",\"breadcrumb\":{\"@id\":\"http:\/\/globalmet.mx\/gracias\/#breadcrumb\"},\"inLanguage\":\"en-US\",\"potentialAction\":[{\"@type\":\"ReadAction\",\"target\":[\"http:\/\/globalmet.mx\/gracias\/\"]}]},{\"@type\":\"BreadcrumbList\",\"@id\":\"http:\/\/globalmet.mx\/gracias\/#breadcrumb\",\"itemListElement\":[{\"@type\":\"ListItem\",\"position\":1,\"name\":\"Portada\",\"item\":\"https:\/\/globalmet.mx\/\"},{\"@type\":\"ListItem\",\"position\":2,\"name\":\"Gracias\"}]},{\"@type\":\"WebSite\",\"@id\":\"https:\/\/globalmet.mx\/en\/#website\",\"url\":\"https:\/\/globalmet.mx\/en\/\",\"name\":\"GlobalMet\",\"description\":\"Pron\u00f3sticos Metereol\u00f3gicos\",\"publisher\":{\"@id\":\"https:\/\/globalmet.mx\/en\/#organization\"},\"potentialAction\":[{\"@type\":\"SearchAction\",\"target\":{\"@type\":\"EntryPoint\",\"urlTemplate\":\"https:\/\/globalmet.mx\/en\/?s={search_term_string}\"},\"query-input\":{\"@type\":\"PropertyValueSpecification\",\"valueRequired\":true,\"valueName\":\"search_term_string\"}}],\"inLanguage\":\"en-US\"},{\"@type\":\"Organization\",\"@id\":\"https:\/\/globalmet.mx\/en\/#organization\",\"name\":\"GlobalMet\",\"url\":\"https:\/\/globalmet.mx\/en\/\",\"logo\":{\"@type\":\"ImageObject\",\"inLanguage\":\"en-US\",\"@id\":\"https:\/\/globalmet.mx\/en\/#\/schema\/logo\/image\/\",\"url\":\"https:\/\/globalmet.mx\/wp-content\/uploads\/2026\/03\/Logo-Vertical-Grande-copia-copia.png\",\"contentUrl\":\"https:\/\/globalmet.mx\/wp-content\/uploads\/2026\/03\/Logo-Vertical-Grande-copia-copia.png\",\"width\":190,\"height\":127,\"caption\":\"GlobalMet\"},\"image\":{\"@id\":\"https:\/\/globalmet.mx\/en\/#\/schema\/logo\/image\/\"}}]}<\/script>\n<!-- \/ Yoast SEO plugin. -->","yoast_head_json":{"title":"Gracias - GlobalMet","description":"GlobalMet ofrece el an\u00e1lisis de 16 modelos diferentes para proporcionar la informaci\u00f3n climatol\u00f3gica y la meteorol\u00f3gica espec\u00edfica de tu campo de una manera personalizada y exclusiva que te ser\u00e1n de gran utilidad para la toma de decisiones.","robots":{"index":"index","follow":"follow","max-snippet":"max-snippet:-1","max-image-preview":"max-image-preview:large","max-video-preview":"max-video-preview:-1"},"canonical":"http:\/\/globalmet.mx\/en\/gracias\/","og_locale":"en_US","og_type":"article","og_title":"Gracias - GlobalMet","og_description":"GlobalMet ofrece el an\u00e1lisis de 16 modelos diferentes para proporcionar la informaci\u00f3n climatol\u00f3gica y la meteorol\u00f3gica espec\u00edfica de tu campo de una manera personalizada y exclusiva que te ser\u00e1n de gran utilidad para la toma de decisiones.","og_url":"http:\/\/globalmet.mx\/en\/gracias\/","og_site_name":"GlobalMet","article_modified_time":"2022-12-04T18:35:01+00:00","twitter_card":"summary_large_image","schema":{"@context":"https:\/\/schema.org","@graph":[{"@type":"WebPage","@id":"http:\/\/globalmet.mx\/gracias\/","url":"http:\/\/globalmet.mx\/gracias\/","name":"Gracias - GlobalMet","isPartOf":{"@id":"https:\/\/globalmet.mx\/en\/#website"},"datePublished":"2022-11-03T06:05:09+00:00","dateModified":"2022-12-04T18:35:01+00:00","description":"GlobalMet ofrece el an\u00e1lisis de 16 modelos diferentes para proporcionar la informaci\u00f3n climatol\u00f3gica y la meteorol\u00f3gica espec\u00edfica de tu campo de una manera personalizada y exclusiva que te ser\u00e1n de gran utilidad para la toma de decisiones.","breadcrumb":{"@id":"http:\/\/globalmet.mx\/gracias\/#breadcrumb"},"inLanguage":"en-US","potentialAction":[{"@type":"ReadAction","target":["http:\/\/globalmet.mx\/gracias\/"]}]},{"@type":"BreadcrumbList","@id":"http:\/\/globalmet.mx\/gracias\/#breadcrumb","itemListElement":[{"@type":"ListItem","position":1,"name":"Portada","item":"https:\/\/globalmet.mx\/"},{"@type":"ListItem","position":2,"name":"Gracias"}]},{"@type":"WebSite","@id":"https:\/\/globalmet.mx\/en\/#website","url":"https:\/\/globalmet.mx\/en\/","name":"GlobalMet","description":"Pron\u00f3sticos Metereol\u00f3gicos","publisher":{"@id":"https:\/\/globalmet.mx\/en\/#organization"},"potentialAction":[{"@type":"SearchAction","target":{"@type":"EntryPoint","urlTemplate":"https:\/\/globalmet.mx\/en\/?s={search_term_string}"},"query-input":{"@type":"PropertyValueSpecification","valueRequired":true,"valueName":"search_term_string"}}],"inLanguage":"en-US"},{"@type":"Organization","@id":"https:\/\/globalmet.mx\/en\/#organization","name":"GlobalMet","url":"https:\/\/globalmet.mx\/en\/","logo":{"@type":"ImageObject","inLanguage":"en-US","@id":"https:\/\/globalmet.mx\/en\/#\/schema\/logo\/image\/","url":"https:\/\/globalmet.mx\/wp-content\/uploads\/2026\/03\/Logo-Vertical-Grande-copia-copia.png","contentUrl":"https:\/\/globalmet.mx\/wp-content\/uploads\/2026\/03\/Logo-Vertical-Grande-copia-copia.png","width":190,"height":127,"caption":"GlobalMet"},"image":{"@id":"https:\/\/globalmet.mx\/en\/#\/schema\/logo\/image\/"}}]}},"_links":{"self":[{"href":"https:\/\/globalmet.mx\/en\/wp-json\/wp\/v2\/pages\/744","targetHints":{"allow":["GET"]}}],"collection":[{"href":"https:\/\/globalmet.mx\/en\/wp-json\/wp\/v2\/pages"}],"about":[{"href":"https:\/\/globalmet.mx\/en\/wp-json\/wp\/v2\/types\/page"}],"author":[{"embeddable":true,"href":"https:\/\/globalmet.mx\/en\/wp-json\/wp\/v2\/users\/1"}],"replies":[{"embeddable":true,"href":"https:\/\/globalmet.mx\/en\/wp-json\/wp\/v2\/comments?post=744"}],"version-history":[{"count":10,"href":"https:\/\/globalmet.mx\/en\/wp-json\/wp\/v2\/pages\/744\/revisions"}],"predecessor-version":[{"id":980,"href":"https:\/\/globalmet.mx\/en\/wp-json\/wp\/v2\/pages\/744\/revisions\/980"}],"wp:attachment":[{"href":"https:\/\/globalmet.mx\/en\/wp-json\/wp\/v2\/media?parent=744"}],"curies":[{"name":"wp","href":"https:\/\/api.w.org\/{rel}","templated":true}]}}