{"id":241,"date":"2022-10-14T16:10:09","date_gmt":"2022-10-14T16:10:09","guid":{"rendered":"http:\/\/app.globalmet.mx\/finalizar-compra\/"},"modified":"2023-01-06T06:38:57","modified_gmt":"2023-01-06T06:38:57","slug":"finalizar-compra","status":"publish","type":"page","link":"https:\/\/globalmet.mx\/en\/finalizar-compra\/","title":{"rendered":"Finalizar compra"},"content":{"rendered":"<div data-elementor-type=\"wp-page\" data-elementor-id=\"241\" class=\"elementor elementor-241\" data-elementor-post-type=\"page\">\n\t\t\t\t\t\t<section class=\"elementor-section elementor-top-section elementor-element elementor-element-f44a5c9 elementor-section-boxed elementor-section-height-default elementor-section-height-default\" data-id=\"f44a5c9\" data-element_type=\"section\">\n\t\t\t\t\t\t<div class=\"elementor-container elementor-column-gap-default\">\n\t\t\t\t\t<div class=\"elementor-column elementor-col-100 elementor-top-column elementor-element elementor-element-0a14dd8\" data-id=\"0a14dd8\" data-element_type=\"column\">\n\t\t\t<div class=\"elementor-widget-wrap elementor-element-populated\">\n\t\t\t\t\t\t<div class=\"elementor-element elementor-element-b810cad e-checkout-layout-two-column elementor-widget elementor-widget-woocommerce-checkout-page\" data-id=\"b810cad\" data-element_type=\"widget\" data-widget_type=\"woocommerce-checkout-page.default\">\n\t\t\t\t<div class=\"elementor-widget-container\">\n\t\t\t\t\t<div class=\"woocommerce\"><div class=\"woocommerce-notices-wrapper\"><\/div><\/div>\t\t\t\t<\/div>\n\t\t\t\t<\/div>\n\t\t\t\t\t<\/div>\n\t\t<\/div>\n\t\t\t\t\t<\/div>\n\t\t<\/section>\n\t\t\t\t<\/div>","protected":false},"excerpt":{"rendered":"<p>Informaci\u00f3n del cliente Nombre&nbsp;* Apellidos&nbsp;* Nombre de la empresa&nbsp;(opcional) Pa\u00eds \/ Regi\u00f3n&nbsp;*Selecciona un pa\u00eds\/regi\u00f3n&hellip;Afganist\u00e1nAlbaniaAlemaniaAndorraAngolaAnguillaAnt\u00e1rtidaAntigua y BarbudaArabia SauditaArgeliaArgentinaArmeniaArubaAustraliaAustriaAzerbaijanBahamasBahrainBangladeshBarbadosBelauB\u00e9lgicaBelizeBeninBermudaBhutanBielorrusiaBirmaniaBoliviaBonaire, San Eustaquio y SabaBosnia y HerzegovinaBotswanaBrasilBrun\u00e9iBulgariaBurkina FasoBurundiCabo VerdeCamboyaCamer\u00fanCanad\u00e1ChadChileChinaChipreCiudad del VaticanoColombiaComorasCongo (Brazzaville)Congo (Kinshasa)Corea del NorteCorea del SurCosta de MarfilCosta RicaCroaciaCubaCura&ccedil;aoDinamarcaDjiboutiDominicaEcuadorEgiptoEl SalvadorEmiratos \u00c1rabes UnidosEritreaEslovaquiaEsloveniaEspa\u00f1aEstados Unidos (EEUU)EstoniaEsuatiniEtiop\u00edaFilipinasFinlandiaFiyiFranciaGab\u00f3nGambiaGeorgiaGhanaGibraltarGranadaGreciaGroenlandiaGuadalupeGuamGuatemalaGuayana FrancesaGuernseyGuineaGuinea EcuatorialGuinea-Bis\u00e1uGuyanaHait\u00edHondurasHong KongHungr\u00edaIndiaIndonesiaIrakIr\u00e1nIrlandaIsla BouvetIsla de ManIsla de NavidadIsla NorfolkIsla Santa ElenaIslandiaIslas \u00c5landIslas Caim\u00e1nIslas CocosIslas [&hellip;]<\/p>","protected":false},"author":1,"featured_media":0,"parent":0,"menu_order":0,"comment_status":"closed","ping_status":"closed","template":"","meta":{"footnotes":""},"class_list":["post-241","page","type-page","status-publish","hentry"],"yoast_head":"<!-- This site is optimized with the Yoast SEO plugin v24.8.1 - https:\/\/yoast.com\/wordpress\/plugins\/seo\/ -->\n<title>Finalizar compra - GlobalMet<\/title>\n<meta name=\"description\" content=\"GlobalMet ofrece el an\u00e1lisis de 16 modelos diferentes para proporcionar la informaci\u00f3n climatol\u00f3gica y la meteorol\u00f3gica espec\u00edfica de tu campo de una manera personalizada y exclusiva que te ser\u00e1n de gran utilidad para la toma de decisiones.\" \/>\n<meta name=\"robots\" content=\"index, follow, max-snippet:-1, max-image-preview:large, max-video-preview:-1\" \/>\n<link rel=\"canonical\" href=\"http:\/\/globalmet.mx\/en\/finalizar-compra\/\" \/>\n<meta property=\"og:locale\" content=\"en_US\" \/>\n<meta property=\"og:type\" content=\"article\" \/>\n<meta property=\"og:title\" content=\"Finalizar compra - GlobalMet\" \/>\n<meta property=\"og:description\" content=\"GlobalMet ofrece el an\u00e1lisis de 16 modelos diferentes para proporcionar la informaci\u00f3n climatol\u00f3gica y la meteorol\u00f3gica espec\u00edfica de tu campo de una manera personalizada y exclusiva que te ser\u00e1n de gran utilidad para la toma de decisiones.\" \/>\n<meta property=\"og:url\" content=\"http:\/\/globalmet.mx\/en\/finalizar-compra\/\" \/>\n<meta property=\"og:site_name\" content=\"GlobalMet\" \/>\n<meta property=\"article:modified_time\" content=\"2023-01-06T06:38:57+00:00\" \/>\n<meta property=\"og:image\" content=\"https:\/\/app.globalmet.mx\/wp-content\/plugins\/pymntpl-paypal-woocommerce\/assets\/img\/paypal_logo.svg\" \/>\n<meta name=\"twitter:card\" content=\"summary_large_image\" \/>\n<meta name=\"twitter:label1\" content=\"Est. reading time\" \/>\n\t<meta name=\"twitter:data1\" content=\"4 minutes\" \/>\n<script type=\"application\/ld+json\" class=\"yoast-schema-graph\">{\"@context\":\"https:\/\/schema.org\",\"@graph\":[{\"@type\":\"WebPage\",\"@id\":\"http:\/\/globalmet.mx\/finalizar-compra\/\",\"url\":\"http:\/\/globalmet.mx\/finalizar-compra\/\",\"name\":\"Finalizar compra - GlobalMet\",\"isPartOf\":{\"@id\":\"https:\/\/globalmet.mx\/en\/#website\"},\"primaryImageOfPage\":{\"@id\":\"http:\/\/globalmet.mx\/finalizar-compra\/#primaryimage\"},\"image\":{\"@id\":\"http:\/\/globalmet.mx\/finalizar-compra\/#primaryimage\"},\"thumbnailUrl\":\"https:\/\/app.globalmet.mx\/wp-content\/plugins\/pymntpl-paypal-woocommerce\/assets\/img\/paypal_logo.svg\",\"datePublished\":\"2022-10-14T16:10:09+00:00\",\"dateModified\":\"2023-01-06T06:38:57+00:00\",\"description\":\"GlobalMet ofrece el an\u00e1lisis de 16 modelos diferentes para proporcionar la informaci\u00f3n climatol\u00f3gica y la meteorol\u00f3gica espec\u00edfica de tu campo de una manera personalizada y exclusiva que te ser\u00e1n de gran utilidad para la toma de decisiones.\",\"breadcrumb\":{\"@id\":\"http:\/\/globalmet.mx\/finalizar-compra\/#breadcrumb\"},\"inLanguage\":\"en-US\",\"potentialAction\":[{\"@type\":\"ReadAction\",\"target\":[\"http:\/\/globalmet.mx\/finalizar-compra\/\"]}]},{\"@type\":\"ImageObject\",\"inLanguage\":\"en-US\",\"@id\":\"http:\/\/globalmet.mx\/finalizar-compra\/#primaryimage\",\"url\":\"https:\/\/app.globalmet.mx\/wp-content\/plugins\/pymntpl-paypal-woocommerce\/assets\/img\/paypal_logo.svg\",\"contentUrl\":\"https:\/\/app.globalmet.mx\/wp-content\/plugins\/pymntpl-paypal-woocommerce\/assets\/img\/paypal_logo.svg\"},{\"@type\":\"BreadcrumbList\",\"@id\":\"http:\/\/globalmet.mx\/finalizar-compra\/#breadcrumb\",\"itemListElement\":[{\"@type\":\"ListItem\",\"position\":1,\"name\":\"Portada\",\"item\":\"https:\/\/globalmet.mx\/\"},{\"@type\":\"ListItem\",\"position\":2,\"name\":\"Finalizar compra\"}]},{\"@type\":\"WebSite\",\"@id\":\"https:\/\/globalmet.mx\/en\/#website\",\"url\":\"https:\/\/globalmet.mx\/en\/\",\"name\":\"GlobalMet\",\"description\":\"Pron\u00f3sticos Metereol\u00f3gicos\",\"publisher\":{\"@id\":\"https:\/\/globalmet.mx\/en\/#organization\"},\"potentialAction\":[{\"@type\":\"SearchAction\",\"target\":{\"@type\":\"EntryPoint\",\"urlTemplate\":\"https:\/\/globalmet.mx\/en\/?s={search_term_string}\"},\"query-input\":{\"@type\":\"PropertyValueSpecification\",\"valueRequired\":true,\"valueName\":\"search_term_string\"}}],\"inLanguage\":\"en-US\"},{\"@type\":\"Organization\",\"@id\":\"https:\/\/globalmet.mx\/en\/#organization\",\"name\":\"GlobalMet\",\"url\":\"https:\/\/globalmet.mx\/en\/\",\"logo\":{\"@type\":\"ImageObject\",\"inLanguage\":\"en-US\",\"@id\":\"https:\/\/globalmet.mx\/en\/#\/schema\/logo\/image\/\",\"url\":\"https:\/\/globalmet.mx\/wp-content\/uploads\/2026\/03\/Logo-Vertical-Grande-copia-copia.png\",\"contentUrl\":\"https:\/\/globalmet.mx\/wp-content\/uploads\/2026\/03\/Logo-Vertical-Grande-copia-copia.png\",\"width\":190,\"height\":127,\"caption\":\"GlobalMet\"},\"image\":{\"@id\":\"https:\/\/globalmet.mx\/en\/#\/schema\/logo\/image\/\"}}]}<\/script>\n<!-- \/ Yoast SEO plugin. -->","yoast_head_json":{"title":"Finalizar compra - GlobalMet","description":"GlobalMet ofrece el an\u00e1lisis de 16 modelos diferentes para proporcionar la informaci\u00f3n climatol\u00f3gica y la meteorol\u00f3gica espec\u00edfica de tu campo de una manera personalizada y exclusiva que te ser\u00e1n de gran utilidad para la toma de decisiones.","robots":{"index":"index","follow":"follow","max-snippet":"max-snippet:-1","max-image-preview":"max-image-preview:large","max-video-preview":"max-video-preview:-1"},"canonical":"http:\/\/globalmet.mx\/en\/finalizar-compra\/","og_locale":"en_US","og_type":"article","og_title":"Finalizar compra - GlobalMet","og_description":"GlobalMet ofrece el an\u00e1lisis de 16 modelos diferentes para proporcionar la informaci\u00f3n climatol\u00f3gica y la meteorol\u00f3gica espec\u00edfica de tu campo de una manera personalizada y exclusiva que te ser\u00e1n de gran utilidad para la toma de decisiones.","og_url":"http:\/\/globalmet.mx\/en\/finalizar-compra\/","og_site_name":"GlobalMet","article_modified_time":"2023-01-06T06:38:57+00:00","og_image":[{"url":"https:\/\/app.globalmet.mx\/wp-content\/plugins\/pymntpl-paypal-woocommerce\/assets\/img\/paypal_logo.svg","type":"","width":"","height":""}],"twitter_card":"summary_large_image","twitter_misc":{"Est. reading time":"4 minutes"},"schema":{"@context":"https:\/\/schema.org","@graph":[{"@type":"WebPage","@id":"http:\/\/globalmet.mx\/finalizar-compra\/","url":"http:\/\/globalmet.mx\/finalizar-compra\/","name":"Finalizar compra - GlobalMet","isPartOf":{"@id":"https:\/\/globalmet.mx\/en\/#website"},"primaryImageOfPage":{"@id":"http:\/\/globalmet.mx\/finalizar-compra\/#primaryimage"},"image":{"@id":"http:\/\/globalmet.mx\/finalizar-compra\/#primaryimage"},"thumbnailUrl":"https:\/\/app.globalmet.mx\/wp-content\/plugins\/pymntpl-paypal-woocommerce\/assets\/img\/paypal_logo.svg","datePublished":"2022-10-14T16:10:09+00:00","dateModified":"2023-01-06T06:38:57+00:00","description":"GlobalMet ofrece el an\u00e1lisis de 16 modelos diferentes para proporcionar la informaci\u00f3n climatol\u00f3gica y la meteorol\u00f3gica espec\u00edfica de tu campo de una manera personalizada y exclusiva que te ser\u00e1n de gran utilidad para la toma de decisiones.","breadcrumb":{"@id":"http:\/\/globalmet.mx\/finalizar-compra\/#breadcrumb"},"inLanguage":"en-US","potentialAction":[{"@type":"ReadAction","target":["http:\/\/globalmet.mx\/finalizar-compra\/"]}]},{"@type":"ImageObject","inLanguage":"en-US","@id":"http:\/\/globalmet.mx\/finalizar-compra\/#primaryimage","url":"https:\/\/app.globalmet.mx\/wp-content\/plugins\/pymntpl-paypal-woocommerce\/assets\/img\/paypal_logo.svg","contentUrl":"https:\/\/app.globalmet.mx\/wp-content\/plugins\/pymntpl-paypal-woocommerce\/assets\/img\/paypal_logo.svg"},{"@type":"BreadcrumbList","@id":"http:\/\/globalmet.mx\/finalizar-compra\/#breadcrumb","itemListElement":[{"@type":"ListItem","position":1,"name":"Portada","item":"https:\/\/globalmet.mx\/"},{"@type":"ListItem","position":2,"name":"Finalizar compra"}]},{"@type":"WebSite","@id":"https:\/\/globalmet.mx\/en\/#website","url":"https:\/\/globalmet.mx\/en\/","name":"GlobalMet","description":"Pron\u00f3sticos Metereol\u00f3gicos","publisher":{"@id":"https:\/\/globalmet.mx\/en\/#organization"},"potentialAction":[{"@type":"SearchAction","target":{"@type":"EntryPoint","urlTemplate":"https:\/\/globalmet.mx\/en\/?s={search_term_string}"},"query-input":{"@type":"PropertyValueSpecification","valueRequired":true,"valueName":"search_term_string"}}],"inLanguage":"en-US"},{"@type":"Organization","@id":"https:\/\/globalmet.mx\/en\/#organization","name":"GlobalMet","url":"https:\/\/globalmet.mx\/en\/","logo":{"@type":"ImageObject","inLanguage":"en-US","@id":"https:\/\/globalmet.mx\/en\/#\/schema\/logo\/image\/","url":"https:\/\/globalmet.mx\/wp-content\/uploads\/2026\/03\/Logo-Vertical-Grande-copia-copia.png","contentUrl":"https:\/\/globalmet.mx\/wp-content\/uploads\/2026\/03\/Logo-Vertical-Grande-copia-copia.png","width":190,"height":127,"caption":"GlobalMet"},"image":{"@id":"https:\/\/globalmet.mx\/en\/#\/schema\/logo\/image\/"}}]}},"_links":{"self":[{"href":"https:\/\/globalmet.mx\/en\/wp-json\/wp\/v2\/pages\/241","targetHints":{"allow":["GET"]}}],"collection":[{"href":"https:\/\/globalmet.mx\/en\/wp-json\/wp\/v2\/pages"}],"about":[{"href":"https:\/\/globalmet.mx\/en\/wp-json\/wp\/v2\/types\/page"}],"author":[{"embeddable":true,"href":"https:\/\/globalmet.mx\/en\/wp-json\/wp\/v2\/users\/1"}],"replies":[{"embeddable":true,"href":"https:\/\/globalmet.mx\/en\/wp-json\/wp\/v2\/comments?post=241"}],"version-history":[{"count":21,"href":"https:\/\/globalmet.mx\/en\/wp-json\/wp\/v2\/pages\/241\/revisions"}],"predecessor-version":[{"id":1086,"href":"https:\/\/globalmet.mx\/en\/wp-json\/wp\/v2\/pages\/241\/revisions\/1086"}],"wp:attachment":[{"href":"https:\/\/globalmet.mx\/en\/wp-json\/wp\/v2\/media?parent=241"}],"curies":[{"name":"wp","href":"https:\/\/api.w.org\/{rel}","templated":true}]}}